{"id":23813780,"date":"2023-05-02T16:32:49","date_gmt":"2023-05-02T14:32:49","guid":{"rendered":"https:\/\/www.b5events.sk\/catering-szolgaltatasok\/"},"modified":"2025-03-31T15:07:49","modified_gmt":"2025-03-31T13:07:49","slug":"catering-szolgaltatasok","status":"publish","type":"page","link":"https:\/\/www.b5events.sk\/hu\/catering-szolgaltatasok\/","title":{"rendered":"Catering szolg\u00e1ltat\u00e1sok"},"content":{"rendered":"<p>[et_pb_section fb_built=&#8221;1&#8243; _builder_version=&#8221;4.27.4&#8243; _module_preset=&#8221;default&#8221; background_image=&#8221;https:\/\/www.b5events.sk\/wp-content\/uploads\/2023\/05\/cateringove-sluzby.jpg&#8221; module_alignment=&#8221;center&#8221; min_height=&#8221;32vh&#8221; hover_enabled=&#8221;0&#8243; global_colors_info=&#8221;{}&#8221; sticky_enabled=&#8221;0&#8243;][\/et_pb_section][et_pb_section fb_built=&#8221;1&#8243; _builder_version=&#8221;4.20.4&#8243; _module_preset=&#8221;default&#8221; background_color=&#8221;#000000&#8243; custom_margin=&#8221;0px||||false|false&#8221; custom_padding=&#8221;50px||0px||false|false&#8221; global_colors_info=&#8221;{}&#8221;][et_pb_row _builder_version=&#8221;4.20.4&#8243; _module_preset=&#8221;default&#8221; global_colors_info=&#8221;{}&#8221;][et_pb_column type=&#8221;4_4&#8243; _builder_version=&#8221;4.20.4&#8243; _module_preset=&#8221;default&#8221; global_colors_info=&#8221;{}&#8221;][et_pb_image src=&#8221;https:\/\/www.b5events.sk\/wp-content\/uploads\/2023\/04\/B5events_ikona-2x.png&#8221; title_text=&#8221;B5events_icon&#8221; align=&#8221;center&#8221; _builder_version=&#8221;4.20.4&#8243; _module_preset=&#8221;default&#8221; width=&#8221;61px&#8221; width_last_edited=&#8221;off|phone&#8221; global_colors_info=&#8221;{}&#8221;][\/et_pb_image][et_pb_text _builder_version=&#8221;4.20.4&#8243; _module_preset=&#8221;default&#8221; text_font=&#8221;|700||on|||||&#8221; text_text_color=&#8221;#EEBA4C&#8221; text_font_size=&#8221;14px&#8221; text_orientation=&#8221;center&#8221; custom_margin=&#8221;-33px||||false|false&#8221; global_colors_info=&#8221;{}&#8221;]<\/p>\n<p>CATERING<\/p>\n<p>[\/et_pb_text][et_pb_text _builder_version=&#8221;4.20.4&#8243; _module_preset=&#8221;default&#8221; text_font=&#8221;||||||||&#8221; text_text_color=&#8221;#EEBA4C&#8221; text_font_size=&#8221;36px&#8221; text_line_height=&#8221;44px&#8221; text_orientation=&#8221;center&#8221; custom_margin=&#8221;-14px||||false|false&#8221; custom_padding=&#8221;0px||||false|false&#8221; global_colors_info=&#8221;{}&#8221;]<\/p>\n<p>Catering szolg\u00e1ltat\u00e1sok<\/p>\n<p>[\/et_pb_text][et_pb_divider _builder_version=&#8221;4.20.4&#8243; _module_preset=&#8221;default&#8221; width=&#8221;117px&#8221; module_alignment=&#8221;center&#8221; global_colors_info=&#8221;{}&#8221;][\/et_pb_divider][\/et_pb_column][\/et_pb_row][\/et_pb_section][et_pb_section fb_built=&#8221;1&#8243; _builder_version=&#8221;4.20.4&#8243; _module_preset=&#8221;default&#8221; background_color=&#8221;RGBA(255,255,255,0)&#8221; custom_margin=&#8221;0px||0px||false|false&#8221; custom_padding=&#8221;0px||0px||false|false&#8221; global_colors_info=&#8221;{}&#8221;][et_pb_row _builder_version=&#8221;4.20.4&#8243; _module_preset=&#8221;default&#8221; width=&#8221;50%&#8221; global_colors_info=&#8221;{}&#8221;][et_pb_column type=&#8221;4_4&#8243; _builder_version=&#8221;4.20.4&#8243; _module_preset=&#8221;default&#8221; global_colors_info=&#8221;{}&#8221;][et_pb_image src=&#8221;https:\/\/www.b5events.sk\/wp-content\/uploads\/2023\/05\/Group-339.svg&#8221; title_text=&#8221;Group 339&#8243; align=&#8221;center&#8221; _builder_version=&#8221;4.20.4&#8243; _module_preset=&#8221;default&#8221; global_colors_info=&#8221;{}&#8221;][\/et_pb_image][\/et_pb_column][\/et_pb_row][\/et_pb_section][et_pb_section fb_built=&#8221;1&#8243; _builder_version=&#8221;4.20.4&#8243; _module_preset=&#8221;default&#8221; background_color=&#8221;RGBA(255,255,255,0)&#8221; custom_margin=&#8221;0px||20px||false|false&#8221; custom_padding=&#8221;0px||0px||false|false&#8221; global_colors_info=&#8221;{}&#8221;][et_pb_row column_structure=&#8221;1_2,1_2&#8243; _builder_version=&#8221;4.20.4&#8243; _module_preset=&#8221;default&#8221; custom_margin=&#8221;0px||||false|false&#8221; global_colors_info=&#8221;{}&#8221;][et_pb_column type=&#8221;1_2&#8243; _builder_version=&#8221;4.20.4&#8243; _module_preset=&#8221;default&#8221; global_colors_info=&#8221;{}&#8221;][et_pb_text _builder_version=&#8221;4.20.4&#8243; _module_preset=&#8221;default&#8221; text_line_height=&#8221;40px&#8221; module_alignment=&#8221;center&#8221; global_colors_info=&#8221;{}&#8221;]<\/p>\n<p>Ha valami igaz\u00e1n sz\u00e1m\u00edt, azok a min\u0151s\u00e9gi \u00e9s \u00edzletes \u00e9telek, amelyek gyakran kulcsfontoss\u00e1g\u00faak az esem\u00e9ny \u00e1ltal\u00e1nos hangulat\u00e1hoz. A B5eventben ez\u00e9rt els\u0151oszt\u00e1ly\u00fa mesterszak\u00e1csaink k\u00e9sz\u00edtik el \u00d6nnek a teljes men\u00fct. \u00c9telek sz\u00e9les k\u00edn\u00e1lat\u00e1b\u00f3l v\u00e1laszthat. 5 fog\u00e1sos men\u00fct k\u00edn\u00e1lunk, melyet mindig az \u00d6n k\u00edv\u00e1ns\u00e1ga szerint k\u00e9sz\u00edt\u00fcnk el. Ezenfel\u00fcl n\u00e1lunk minden \u00e9tkez\u00e9si alternat\u00edv\u00e1t megtal\u00e1l. \u00c9rdekl\u0151d\u00e9s eset\u00e9n teljesen veg\u00e1n, veget\u00e1ri\u00e1nus vagy esetleg glut\u00e9nmentes men\u00fct k\u00e9sz\u00edt\u00fcnk. Nem f\u00e9l\u00fcnk k\u00eds\u00e9rletezni, de sz\u00edvesen maradunk a bev\u00e1lt klasszikusokn\u00e1l is. P\u00e9ld\u00e1ul, ha van egy kedvenc s\u00fctem\u00e9nye a nagyit\u00f3l, mi\u00e9rt ne \u00e9lvezhetn\u00e9 nagyban \u00e9s a megfelel\u0151 pillanatban?<\/p>\n<p>[\/et_pb_text][\/et_pb_column][et_pb_column type=&#8221;1_2&#8243; _builder_version=&#8221;4.20.4&#8243; _module_preset=&#8221;default&#8221; global_colors_info=&#8221;{}&#8221;][et_pb_text _builder_version=&#8221;4.20.4&#8243; _module_preset=&#8221;default&#8221; text_line_height=&#8221;40px&#8221; global_colors_info=&#8221;{}&#8221;]<\/p>\n<p>Az \u00e9telek sz\u00e9les v\u00e1laszt\u00e9ka mag\u00e1ban foglalja az \u00f6sszes egzotikus konyh\u00e1t. <br \/>Nem jelentenek gondot az \u00e1zsiai, indiai vagy tipikusan szlov\u00e1k \u00e9telek sem. <br \/>\u00dcgyfeleink sz\u00e1m\u00e1ra k\u00e9sz\u00edtett\u00fcnk m\u00e1r men\u00fct p\u00e9ld\u00e1ul kiz\u00e1r\u00f3lag a tenger gy\u00fcm\u00f6lcseib\u0151l. Sz\u00e9les k\u00edn\u00e1latunkban biztosan megtal\u00e1lja, amit keres. Kombin\u00e1lhatjuk a k\u00eds\u00e9rletet a hagyom\u00e1nnyal. <br \/>\u00c1lland\u00f3 k\u00edn\u00e1latunkb\u00f3l aj\u00e1nlhatjuk a c\u00e9kl\u00e1s rizott\u00f3t kecskesajttal vagy j\u00f3l \u00e1ts\u00fclt sz\u0171z\u00e9rm\u00e9t kiv\u00e9teles sz\u00f3szunkkal. A desszert men\u00fc sem marad el, \u00e9s sz\u00ednvil\u00e1g\u00e1val els\u0151 pillant\u00e1sra leny\u0171g\u00f6zi majd. A v\u00e1lasztott men\u00fc r\u00e9szek\u00e9nt l\u00e1vas\u00fctit vagy egy finom tiramisut szolg\u00e1lunk fel. Ezenfel\u00fcl soha nem mondunk nemet konkr\u00e9t k\u00e9r\u00e9seire. A v\u00e1laszt\u00e1s az \u00d6n\u00e9.<\/p>\n<p>[\/et_pb_text][\/et_pb_column][\/et_pb_row][et_pb_row _builder_version=&#8221;4.20.4&#8243; _module_preset=&#8221;default&#8221; global_colors_info=&#8221;{}&#8221;][et_pb_column type=&#8221;4_4&#8243; _builder_version=&#8221;4.20.4&#8243; _module_preset=&#8221;default&#8221; global_colors_info=&#8221;{}&#8221;][et_pb_divider color=&#8221;#FFFFFF&#8221; _builder_version=&#8221;4.20.4&#8243; _module_preset=&#8221;default&#8221; global_colors_info=&#8221;{}&#8221;][\/et_pb_divider][et_pb_text _builder_version=&#8221;4.20.4&#8243; _module_preset=&#8221;default&#8221; text_font=&#8221;|||on|||||&#8221; text_text_color=&#8221;#e4b056&#8243; text_font_size=&#8221;24px&#8221; text_line_height=&#8221;40px&#8221; text_orientation=&#8221;center&#8221; global_colors_info=&#8221;{}&#8221;]<\/p>\n<p>A rendezv\u00e9ny id\u0151tartama alatt az \u00d6n \u00e1ltal szervezett rendezv\u00e9ny saj\u00e1toss\u00e1gaihoz igazod\u00f3 teljes felszerel\u00e9s a rendelkez\u00e9s\u00e9re \u00e1ll. Sv\u00e9dasztalok vagy esk\u00fcv\u0151i men\u00fc, vagy catering a backstage-be a fesztiv\u00e1l ideje alatt? N\u00e1lunk mindent megtal\u00e1l. <br \/>Mindig az esem\u00e9ny napj\u00e1n frissen f\u0151z\u00f6tt \u00e9teleket szolg\u00e1lunk fel, amelyeket szakk\u00e9pzett szem\u00e9lyzet\u00fcnk szolg\u00e1l fel.<\/p>\n<p>Figyel\u00fcnk a frissess\u00e9gre \u00e9s a nyersanyag aktualit\u00e1s\u00e1ra is az aktu\u00e1lis szezonban. <br \/>Az \u00e1ltalunk haszn\u00e1lt alapanyagok a legjobb min\u0151s\u00e9g\u0171ek a piacon. Ez\u00e9rt p\u00e9ld\u00e1ul a sp\u00e1rg\u00e1t a men\u00fcbe k\u00fcl\u00f6n\u00f6sen tavasszal \u00e9s ny\u00e1ron iktatjuk be, amikor ez a k\u00edn\u00e1lat term\u00e9szetes r\u00e9sze.<\/p>\n<p>[\/et_pb_text][et_pb_divider color=&#8221;#FFFFFF&#8221; _builder_version=&#8221;4.20.4&#8243; _module_preset=&#8221;default&#8221; global_colors_info=&#8221;{}&#8221;][\/et_pb_divider][et_pb_text _builder_version=&#8221;4.20.4&#8243; _module_preset=&#8221;default&#8221; text_line_height=&#8221;40px&#8221; width=&#8221;100%&#8221; module_alignment=&#8221;center&#8221; custom_margin=&#8221;20px||||false|false&#8221; custom_padding=&#8221;20px||||false|false&#8221; global_colors_info=&#8221;{}&#8221;]<\/p>\n<p style=\"text-align: center;\">A cateringen \u00e9s annak tervez\u00e9s\u00e9n bel\u00fcl is t\u00f6reksz\u00fcnk a szem\u00e9lyes megk\u00f6zel\u00edt\u00e9sre. K\u00f6z\u00f6sen \u00e1tvessz\u00fck a men\u00fct, a catering folyamat\u00e1t vagy st\u00edlus\u00e1t, amelyre sz\u00fcks\u00e9ge van. Tan\u00e1csot adhatunk a megfelel\u0151 id\u0151z\u00edt\u00e9ssel, de mag\u00e1val a fog\u00e1sokkal kapcsolatban is. Ha biztosra szeretne menni, mindig k\u00e9zn\u00e9l vagyunk, \u00e9s \u00f6r\u00f6mmel seg\u00edt\u00fcnk a megfelel\u0151 \u00e9tel kiv\u00e1laszt\u00e1s\u00e1ban.<\/p>\n<p>[\/et_pb_text][\/et_pb_column][\/et_pb_row][\/et_pb_section][et_pb_section fb_built=&#8221;1&#8243; _builder_version=&#8221;4.20.4&#8243; _module_preset=&#8221;default&#8221; background_color=&#8221;RGBA(255,255,255,0)&#8221; custom_margin=&#8221;0px||0px||false|false&#8221; custom_padding=&#8221;0px||0px||false|false&#8221; global_colors_info=&#8221;{}&#8221;][et_pb_row _builder_version=&#8221;4.20.4&#8243; _module_preset=&#8221;default&#8221; custom_margin=&#8221;||||false|false&#8221; saved_tabs=&#8221;all&#8221; global_colors_info=&#8221;{}&#8221;][et_pb_column type=&#8221;4_4&#8243; _builder_version=&#8221;4.20.4&#8243; _module_preset=&#8221;default&#8221; global_colors_info=&#8221;{}&#8221;][et_pb_image src=&#8221;https:\/\/www.b5events.sk\/wp-content\/uploads\/2023\/04\/B5events_ikona-2x.png&#8221; title_text=&#8221;B5events_icon&#8221; align=&#8221;center&#8221; _builder_version=&#8221;4.20.4&#8243; _module_preset=&#8221;default&#8221; width=&#8221;61px&#8221; width_last_edited=&#8221;off|phone&#8221; global_colors_info=&#8221;{}&#8221;][\/et_pb_image][et_pb_text _builder_version=&#8221;4.20.4&#8243; _module_preset=&#8221;default&#8221; text_font=&#8221;|700||on|||||&#8221; text_text_color=&#8221;#EEBA4C&#8221; text_font_size=&#8221;14px&#8221; text_orientation=&#8221;center&#8221; custom_margin=&#8221;-33px||||false|false&#8221; global_colors_info=&#8221;{}&#8221;]<\/p>\n<p>CATERING<\/p>\n<p>[\/et_pb_text][et_pb_text _builder_version=&#8221;4.20.4&#8243; _module_preset=&#8221;default&#8221; text_text_color=&#8221;#EEBA4C&#8221; text_font_size=&#8221;36px&#8221; text_line_height=&#8221;44px&#8221; background_color=&#8221;RGBA(255,255,255,0)&#8221; text_orientation=&#8221;center&#8221; custom_margin=&#8221;-14px||||false|false&#8221; custom_padding=&#8221;0px||||false|false&#8221; global_colors_info=&#8221;{}&#8221;]<\/p>\n<p>K\u00edn\u00e1latunk<\/p>\n<p>[\/et_pb_text][et_pb_divider _builder_version=&#8221;4.20.4&#8243; _module_preset=&#8221;default&#8221; width=&#8221;117px&#8221; module_alignment=&#8221;center&#8221; global_colors_info=&#8221;{}&#8221;][\/et_pb_divider][dipi_info_circle circle_list_size=&#8221;600px&#8221; auto_mode=&#8221;on&#8221; circle_list_size_tablet=&#8221;&#8221; circle_list_size_phone=&#8221;300px&#8221; circle_list_size_last_edited=&#8221;on|phone&#8221; _builder_version=&#8221;4.20.4&#8243; _module_preset=&#8221;default&#8221; global_colors_info=&#8221;{}&#8221;][dipi_info_circle_item admin_label=&#8221;1&#8243; info_image=&#8221;https:\/\/www.b5events.sk\/wp-content\/uploads\/2023\/04\/01.svg&#8221; content_title=&#8221;\u00e9telek \u00e9s italok sz\u00e9les sk\u00e1l\u00e1ja&#8221; content_description=&#8221;<\/p>\n<hr color=%22#EEBA4C%22 width=%2260px%22>\n<p>&#8221; info_image_icon_background_color=&#8221;RGBA(255,255,255,0)&#8221; info_image_icon_hover_background_color=&#8221;RGBA(255,255,255,0)&#8221; info_image_icon_active_background_color=&#8221;RGBA(255,255,255,0)&#8221; content_icon_color=&#8221;RGBA(255,255,255,0)&#8221; _builder_version=&#8221;4.20.4&#8243; _module_preset=&#8221;default&#8221; content_title_font=&#8221;|700||on|||||&#8221; content_title_font_size=&#8221;30px&#8221; content_desc_font_size=&#8221;21px&#8221; use_background_color_gradient=&#8221;on&#8221; background_color_gradient_stops=&#8221;rgba(0,0,0,0.43) 0%|rgba(0,0,0,0.47) 99%&#8221; background_color_gradient_overlays_image=&#8221;on&#8221; background_image=&#8221;https:\/\/www.b5events.sk\/wp-content\/uploads\/2023\/05\/catering-bratislava.jpg&#8221; background_enable_image=&#8221;on&#8221; content_title_font_size_tablet=&#8221;30px&#8221; content_title_font_size_phone=&#8221;25px&#8221; content_title_font_size_last_edited=&#8221;on|phone&#8221; content_desc_font_size_tablet=&#8221;21px&#8221; content_desc_font_size_phone=&#8221;15px&#8221; content_desc_font_size_last_edited=&#8221;on|phone&#8221; border_width_all_info_image_icon=&#8221;0px&#8221; global_colors_info=&#8221;{}&#8221;][\/dipi_info_circle_item][dipi_info_circle_item admin_label=&#8221;2&#8243; info_image=&#8221;https:\/\/www.b5events.sk\/wp-content\/uploads\/2023\/04\/02.svg&#8221; content_title=&#8221;men\u00fc tervez\u00e9se&#8221; content_description=&#8221;<\/p>\n<hr color=%22#EEBA4C%22 width=%2260px%22>\n<p>&#8221; info_image_icon_background_color=&#8221;RGBA(255,255,255,0)&#8221; info_image_icon_hover_background_color=&#8221;RGBA(255,255,255,0)&#8221; info_image_icon_active_background_color=&#8221;RGBA(255,255,255,0)&#8221; content_icon_color=&#8221;RGBA(255,255,255,0)&#8221; _builder_version=&#8221;4.20.4&#8243; _module_preset=&#8221;default&#8221; content_title_font=&#8221;|700||on|||||&#8221; content_title_font_size=&#8221;30px&#8221; content_desc_font_size=&#8221;21px&#8221; use_background_color_gradient=&#8221;on&#8221; background_color_gradient_stops=&#8221;rgba(0,0,0,0.43) 0%|rgba(0,0,0,0.47) 99%&#8221; background_color_gradient_overlays_image=&#8221;on&#8221; background_image=&#8221;https:\/\/www.b5events.sk\/wp-content\/uploads\/2023\/05\/catering-bratislava.jpg&#8221; background_enable_image=&#8221;on&#8221; content_title_font_size_tablet=&#8221;30px&#8221; content_title_font_size_phone=&#8221;25px&#8221; content_title_font_size_last_edited=&#8221;on|phone&#8221; content_desc_font_size_tablet=&#8221;21px&#8221; content_desc_font_size_phone=&#8221;15px&#8221; content_desc_font_size_last_edited=&#8221;on|phone&#8221; border_width_all_info_image_icon=&#8221;0px&#8221; global_colors_info=&#8221;{}&#8221;][\/dipi_info_circle_item][dipi_info_circle_item admin_label=&#8221;3&#8243; info_image=&#8221;https:\/\/www.b5events.sk\/wp-content\/uploads\/2023\/04\/03.svg&#8221; content_title=&#8221;b\u00e1rmilyen intoleranci\u00e1nak megfelel\u0151 catering&#8221; content_description=&#8221;<\/p>\n<hr color=%22#EEBA4C%22 width=%2260px%22>\n<p>&#8221; info_image_icon_background_color=&#8221;RGBA(255,255,255,0)&#8221; info_image_icon_hover_background_color=&#8221;RGBA(255,255,255,0)&#8221; info_image_icon_active_background_color=&#8221;RGBA(255,255,255,0)&#8221; content_icon_color=&#8221;RGBA(255,255,255,0)&#8221; _builder_version=&#8221;4.20.4&#8243; _module_preset=&#8221;default&#8221; content_title_font=&#8221;|700||on|||||&#8221; content_title_font_size=&#8221;30px&#8221; content_desc_font_size=&#8221;21px&#8221; use_background_color_gradient=&#8221;on&#8221; background_color_gradient_stops=&#8221;rgba(0,0,0,0.43) 0%|rgba(0,0,0,0.47) 99%&#8221; background_color_gradient_overlays_image=&#8221;on&#8221; background_image=&#8221;https:\/\/www.b5events.sk\/wp-content\/uploads\/2023\/05\/catering-bratislava.jpg&#8221; background_enable_image=&#8221;on&#8221; content_title_font_size_tablet=&#8221;30px&#8221; content_title_font_size_phone=&#8221;25px&#8221; content_title_font_size_last_edited=&#8221;on|phone&#8221; content_desc_font_size_tablet=&#8221;21px&#8221; content_desc_font_size_phone=&#8221;15px&#8221; content_desc_font_size_last_edited=&#8221;on|phone&#8221; border_width_all_info_image_icon=&#8221;0px&#8221; global_colors_info=&#8221;{}&#8221;][\/dipi_info_circle_item][dipi_info_circle_item admin_label=&#8221;4&#8243; info_image=&#8221;https:\/\/www.b5events.sk\/wp-content\/uploads\/2023\/04\/04.svg&#8221; content_title=&#8221;mindig frissen f\u0151tt \u00e9telek&#8221; content_description=&#8221;<\/p>\n<hr color=%22#EEBA4C%22 width=%2260px%22>\n<p>&#8221; info_image_icon_background_color=&#8221;RGBA(255,255,255,0)&#8221; info_image_icon_hover_background_color=&#8221;RGBA(255,255,255,0)&#8221; info_image_icon_active_background_color=&#8221;RGBA(255,255,255,0)&#8221; content_icon_color=&#8221;RGBA(255,255,255,0)&#8221; _builder_version=&#8221;4.20.4&#8243; _module_preset=&#8221;default&#8221; content_title_font=&#8221;|700||on|||||&#8221; content_title_font_size=&#8221;30px&#8221; content_desc_font_size=&#8221;21px&#8221; use_background_color_gradient=&#8221;on&#8221; background_color_gradient_stops=&#8221;rgba(0,0,0,0.43) 0%|rgba(0,0,0,0.47) 99%&#8221; background_color_gradient_overlays_image=&#8221;on&#8221; background_image=&#8221;https:\/\/www.b5events.sk\/wp-content\/uploads\/2023\/05\/catering-bratislava.jpg&#8221; background_enable_image=&#8221;on&#8221; content_title_font_size_tablet=&#8221;30px&#8221; content_title_font_size_phone=&#8221;25px&#8221; content_title_font_size_last_edited=&#8221;on|phone&#8221; content_desc_font_size_tablet=&#8221;21px&#8221; content_desc_font_size_phone=&#8221;15px&#8221; content_desc_font_size_last_edited=&#8221;on|phone&#8221; border_width_all_info_image_icon=&#8221;0px&#8221; global_colors_info=&#8221;{}&#8221;][\/dipi_info_circle_item][dipi_info_circle_item admin_label=&#8221;5&#8243; info_image=&#8221;https:\/\/www.b5events.sk\/wp-content\/uploads\/2023\/04\/05.svg&#8221; content_title=&#8221;szakk\u00e9pzett szem\u00e9lyzet&#8221; content_description=&#8221;<\/p>\n<hr color=%22#EEBA4C%22 width=%2260px%22>\n<p>&#8221; info_image_icon_background_color=&#8221;RGBA(255,255,255,0)&#8221; info_image_icon_hover_background_color=&#8221;RGBA(255,255,255,0)&#8221; info_image_icon_active_background_color=&#8221;RGBA(255,255,255,0)&#8221; content_icon_color=&#8221;RGBA(255,255,255,0)&#8221; _builder_version=&#8221;4.20.4&#8243; _module_preset=&#8221;default&#8221; content_title_font=&#8221;|700||on|||||&#8221; content_title_font_size=&#8221;30px&#8221; content_desc_font_size=&#8221;21px&#8221; use_background_color_gradient=&#8221;on&#8221; background_color_gradient_stops=&#8221;rgba(0,0,0,0.43) 0%|rgba(0,0,0,0.47) 99%&#8221; background_color_gradient_overlays_image=&#8221;on&#8221; background_image=&#8221;https:\/\/www.b5events.sk\/wp-content\/uploads\/2023\/05\/catering-bratislava.jpg&#8221; background_enable_image=&#8221;on&#8221; content_title_font_size_tablet=&#8221;30px&#8221; content_title_font_size_phone=&#8221;25px&#8221; content_title_font_size_last_edited=&#8221;on|phone&#8221; content_desc_font_size_tablet=&#8221;21px&#8221; content_desc_font_size_phone=&#8221;15px&#8221; content_desc_font_size_last_edited=&#8221;on|phone&#8221; border_width_all_info_image_icon=&#8221;0px&#8221; global_colors_info=&#8221;{}&#8221;][\/dipi_info_circle_item][dipi_info_circle_item admin_label=&#8221;6&#8243; info_image=&#8221;https:\/\/www.b5events.sk\/wp-content\/uploads\/2023\/04\/06.svg&#8221; content_title=&#8221;abszol\u00fat gasztron\u00f3miai \u00e9lm\u00e9ny&#8221; content_description=&#8221;<\/p>\n<hr color=%22#EEBA4C%22 width=%2260px%22>\n<p>&#8221; info_image_icon_background_color=&#8221;RGBA(255,255,255,0)&#8221; info_image_icon_hover_background_color=&#8221;RGBA(255,255,255,0)&#8221; info_image_icon_active_background_color=&#8221;RGBA(255,255,255,0)&#8221; content_icon_color=&#8221;RGBA(255,255,255,0)&#8221; _builder_version=&#8221;4.20.4&#8243; _module_preset=&#8221;default&#8221; content_title_font=&#8221;|700||on|||||&#8221; content_title_font_size=&#8221;30px&#8221; content_desc_font_size=&#8221;21px&#8221; use_background_color_gradient=&#8221;on&#8221; background_color_gradient_stops=&#8221;rgba(0,0,0,0.43) 0%|rgba(0,0,0,0.47) 99%&#8221; background_color_gradient_overlays_image=&#8221;on&#8221; background_image=&#8221;https:\/\/www.b5events.sk\/wp-content\/uploads\/2023\/05\/catering-bratislava.jpg&#8221; background_enable_image=&#8221;on&#8221; content_title_font_size_tablet=&#8221;30px&#8221; content_title_font_size_phone=&#8221;25px&#8221; content_title_font_size_last_edited=&#8221;on|phone&#8221; content_desc_font_size_tablet=&#8221;21px&#8221; content_desc_font_size_phone=&#8221;15px&#8221; content_desc_font_size_last_edited=&#8221;on|phone&#8221; border_color_all=&#8221;#FFFFFF&#8221; border_width_all_info_image_icon=&#8221;0px&#8221; global_colors_info=&#8221;{}&#8221;][\/dipi_info_circle_item][\/dipi_info_circle][\/et_pb_column][\/et_pb_row][et_pb_row _builder_version=&#8221;4.20.4&#8243; _module_preset=&#8221;default&#8221; global_colors_info=&#8221;{}&#8221;][et_pb_column type=&#8221;4_4&#8243; _builder_version=&#8221;4.20.4&#8243; _module_preset=&#8221;default&#8221; global_colors_info=&#8221;{}&#8221;][et_pb_divider _builder_version=&#8221;4.20.4&#8243; _module_preset=&#8221;default&#8221; global_colors_info=&#8221;{}&#8221;][\/et_pb_divider][\/et_pb_column][\/et_pb_row][\/et_pb_section]<\/p>\n","protected":false},"excerpt":{"rendered":"<p>CATERINGCatering szolg\u00e1ltat\u00e1sokHa valami igaz\u00e1n sz\u00e1m\u00edt, azok a min\u0151s\u00e9gi \u00e9s \u00edzletes \u00e9telek, amelyek gyakran kulcsfontoss\u00e1g\u00faak az esem\u00e9ny \u00e1ltal\u00e1nos hangulat\u00e1hoz. A B5eventben ez\u00e9rt els\u0151oszt\u00e1ly\u00fa mesterszak\u00e1csaink k\u00e9sz\u00edtik el \u00d6nnek a teljes men\u00fct. \u00c9telek sz\u00e9les k\u00edn\u00e1lat\u00e1b\u00f3l v\u00e1laszthat. 5 fog\u00e1sos men\u00fct k\u00edn\u00e1lunk, melyet mindig az \u00d6n k\u00edv\u00e1ns\u00e1ga szerint k\u00e9sz\u00edt\u00fcnk el. Ezenfel\u00fcl n\u00e1lunk minden \u00e9tkez\u00e9si alternat\u00edv\u00e1t megtal\u00e1l. \u00c9rdekl\u0151d\u00e9s eset\u00e9n teljesen veg\u00e1n, [&hellip;]<\/p>\n","protected":false},"author":2,"featured_media":0,"parent":0,"menu_order":0,"comment_status":"closed","ping_status":"closed","template":"","meta":{"_seopress_robots_primary_cat":"","_seopress_titles_title":"Catering, catering szolg\u00e1ltat\u00e1sok Pozsony","_seopress_titles_desc":"Professzion\u00e1lis catering szolg\u00e1ltat\u00e1sok rendezv\u00e9nyekre nem csak Pozsonyban. Biztos\u00edtjuk a cateringet esk\u00fcv\u0151kre, c\u00e9ges \u00fcnneps\u00e9gekre \u00e9s egyebekre.","_seopress_robots_index":"","_et_pb_use_builder":"on","_et_pb_old_content":"","_et_gb_content_width":"","footnotes":""},"dipi_cpt_category":[],"class_list":["post-23813780","page","type-page","status-publish","hentry"],"_links":{"self":[{"href":"https:\/\/www.b5events.sk\/hu\/wp-json\/wp\/v2\/pages\/23813780","targetHints":{"allow":["GET"]}}],"collection":[{"href":"https:\/\/www.b5events.sk\/hu\/wp-json\/wp\/v2\/pages"}],"about":[{"href":"https:\/\/www.b5events.sk\/hu\/wp-json\/wp\/v2\/types\/page"}],"author":[{"embeddable":true,"href":"https:\/\/www.b5events.sk\/hu\/wp-json\/wp\/v2\/users\/2"}],"replies":[{"embeddable":true,"href":"https:\/\/www.b5events.sk\/hu\/wp-json\/wp\/v2\/comments?post=23813780"}],"version-history":[{"count":0,"href":"https:\/\/www.b5events.sk\/hu\/wp-json\/wp\/v2\/pages\/23813780\/revisions"}],"wp:attachment":[{"href":"https:\/\/www.b5events.sk\/hu\/wp-json\/wp\/v2\/media?parent=23813780"}],"wp:term":[{"taxonomy":"dipi_cpt_category","embeddable":true,"href":"https:\/\/www.b5events.sk\/hu\/wp-json\/wp\/v2\/dipi_cpt_category?post=23813780"}],"curies":[{"name":"wp","href":"https:\/\/api.w.org\/{rel}","templated":true}]}}