{"id":23813694,"date":"2023-05-02T17:06:11","date_gmt":"2023-05-02T15:06:11","guid":{"rendered":"https:\/\/www.b5events.sk\/bar-servis-2\/"},"modified":"2025-03-31T15:08:10","modified_gmt":"2025-03-31T13:08:10","slug":"bar-servis-2","status":"publish","type":"page","link":"https:\/\/www.b5events.sk\/hu\/bar-servis-2\/","title":{"rendered":"Bar servis"},"content":{"rendered":"<p>[et_pb_section fb_built=&#8221;1&#8243; _builder_version=&#8221;4.27.4&#8243; _module_preset=&#8221;default&#8221; background_image=&#8221;https:\/\/www.b5events.sk\/wp-content\/uploads\/2023\/05\/bar-servis.jpg&#8221; module_alignment=&#8221;center&#8221; hover_enabled=&#8221;0&#8243; global_colors_info=&#8221;{}&#8221; min_height=&#8221;33vh&#8221; sticky_enabled=&#8221;0&#8243;][\/et_pb_section][et_pb_section fb_built=&#8221;1&#8243; _builder_version=&#8221;4.20.4&#8243; _module_preset=&#8221;default&#8221; background_color=&#8221;#000000&#8243; custom_margin=&#8221;0px||0px||false|false&#8221; custom_padding=&#8221;50px||0px||false|false&#8221; global_colors_info=&#8221;{}&#8221;][et_pb_row _builder_version=&#8221;4.20.4&#8243; _module_preset=&#8221;default&#8221; custom_margin=&#8221;||0px||false|false&#8221; custom_padding=&#8221;||0px||false|false&#8221; global_colors_info=&#8221;{}&#8221;][et_pb_column type=&#8221;4_4&#8243; _builder_version=&#8221;4.20.4&#8243; _module_preset=&#8221;default&#8221; global_colors_info=&#8221;{}&#8221;][et_pb_image src=&#8221;https:\/\/www.b5events.sk\/wp-content\/uploads\/2023\/04\/B5events_ikona-2x.png&#8221; title_text=&#8221;B5events_icon&#8221; align=&#8221;center&#8221; _builder_version=&#8221;4.20.4&#8243; _module_preset=&#8221;default&#8221; width=&#8221;61px&#8221; width_last_edited=&#8221;off|phone&#8221; global_colors_info=&#8221;{}&#8221;][\/et_pb_image][et_pb_text _builder_version=&#8221;4.20.4&#8243; _module_preset=&#8221;default&#8221; text_font=&#8221;|700||on|||||&#8221; text_text_color=&#8221;#EEBA4C&#8221; text_font_size=&#8221;14px&#8221; text_orientation=&#8221;center&#8221; custom_margin=&#8221;-33px||||false|false&#8221; global_colors_info=&#8221;{}&#8221;]<\/p>\n<p>bar<\/p>\n<p>[\/et_pb_text][et_pb_text _builder_version=&#8221;4.20.4&#8243; _module_preset=&#8221;default&#8221; text_font=&#8221;||||||||&#8221; text_text_color=&#8221;#EEBA4C&#8221; text_font_size=&#8221;36px&#8221; text_line_height=&#8221;44px&#8221; text_orientation=&#8221;center&#8221; custom_margin=&#8221;-14px||||false|false&#8221; custom_padding=&#8221;0px||||false|false&#8221; global_colors_info=&#8221;{}&#8221;]<\/p>\n<p>Bar servis<\/p>\n<p>[\/et_pb_text][et_pb_divider _builder_version=&#8221;4.20.4&#8243; _module_preset=&#8221;default&#8221; width=&#8221;117px&#8221; module_alignment=&#8221;center&#8221; global_colors_info=&#8221;{}&#8221;][\/et_pb_divider][\/et_pb_column][\/et_pb_row][\/et_pb_section][et_pb_section fb_built=&#8221;1&#8243; _builder_version=&#8221;4.20.4&#8243; _module_preset=&#8221;default&#8221; background_color=&#8221;RGBA(255,255,255,0)&#8221; custom_margin=&#8221;0px||0px||false|false&#8221; custom_padding=&#8221;0px||0px||false|false&#8221; global_colors_info=&#8221;{}&#8221;][et_pb_row _builder_version=&#8221;4.20.4&#8243; _module_preset=&#8221;default&#8221; width=&#8221;50%&#8221; global_colors_info=&#8221;{}&#8221;][et_pb_column type=&#8221;4_4&#8243; _builder_version=&#8221;4.20.4&#8243; _module_preset=&#8221;default&#8221; global_colors_info=&#8221;{}&#8221;][et_pb_image src=&#8221;https:\/\/www.b5events.sk\/wp-content\/uploads\/2023\/05\/Group-340.svg&#8221; title_text=&#8221;Group 340&#8243; align=&#8221;center&#8221; _builder_version=&#8221;4.20.4&#8243; _module_preset=&#8221;default&#8221; global_colors_info=&#8221;{}&#8221;][\/et_pb_image][\/et_pb_column][\/et_pb_row][\/et_pb_section][et_pb_section fb_built=&#8221;1&#8243; _builder_version=&#8221;4.20.4&#8243; _module_preset=&#8221;default&#8221; background_color=&#8221;RGBA(255,255,255,0)&#8221; custom_margin=&#8221;0px||20px||false|false&#8221; custom_padding=&#8221;0px||0px||false|false&#8221; global_colors_info=&#8221;{}&#8221;][et_pb_row column_structure=&#8221;1_2,1_2&#8243; _builder_version=&#8221;4.20.4&#8243; _module_preset=&#8221;default&#8221; custom_margin=&#8221;60px||||false|false&#8221; global_colors_info=&#8221;{}&#8221;][et_pb_column type=&#8221;1_2&#8243; _builder_version=&#8221;4.20.4&#8243; _module_preset=&#8221;default&#8221; global_colors_info=&#8221;{}&#8221;][et_pb_text _builder_version=&#8221;4.20.4&#8243; _module_preset=&#8221;default&#8221; text_line_height=&#8221;40px&#8221; module_alignment=&#8221;center&#8221; global_colors_info=&#8221;{}&#8221;]<\/p>\n<p>A k\u00f6nnyebb lefoly\u00e1s \u00e9s a hat\u00e9konyabb szolg\u00e1ltat\u00e1sok \u00e9rdek\u00e9ben BAR servist is beiktattunk k\u00edn\u00e1latunkba, amely r\u00e9sze lehet az \u00d6n rendezv\u00e9ny\u00e9nek is. A vil\u00e1g minden t\u00e1j\u00e1r\u00f3l \u00e9rkez\u0151 bartenderek olyan italokat kevernek, amelyekr\u0151l \u00e1lmodni sem mer. A b\u00e1r mindenf\u00e9le alkohollal felszerelt. A bort\u00f3l a ginen kereszt\u00fcl a min\u0151s\u00e9gi v\u00e1logatott rumokig. A k\u00fcl\u00f6n b\u00e1r el\u0151nye, hogy vend\u00e9gei az eg\u00e9sz este folyam\u00e1n tetsz\u00e9s szerint fogyaszthatnak alkoholt. \u00cdgy mindenki \u00edzl\u00e9s\u00e9t eltal\u00e1lja.<\/p>\n<p>[\/et_pb_text][\/et_pb_column][et_pb_column type=&#8221;1_2&#8243; _builder_version=&#8221;4.20.4&#8243; _module_preset=&#8221;default&#8221; global_colors_info=&#8221;{}&#8221;][et_pb_text _builder_version=&#8221;4.20.4&#8243; _module_preset=&#8221;default&#8221; text_line_height=&#8221;40px&#8221; global_colors_info=&#8221;{}&#8221;]<\/p>\n<p>A bar servis r\u00e9szek\u00e9nt bartender showt vagy vezetett alkoholk\u00f3stol\u00f3t is k\u00edn\u00e1lunk k\u00edv\u00e1ns\u00e1g szerint. A sommelier v\u00e9gigvezeti \u00f6n\u00f6ket a k\u00fcl\u00f6nb\u00f6z\u0151 r\u00e9gi\u00f3k legjobb borainak sor\u00e1n, melyeket eg\u00e9sz este k\u00f3stolhatnak vend\u00e9gei. K\u00edn\u00e1latunkban szerepel tov\u00e1bb\u00e1 a vil\u00e1g minden t\u00e1j\u00e1r\u00f3l sz\u00e1rmaz\u00f3 s\u00f6r\u00f6k vagy a m\u00e1r eml\u00edtett v\u00e1logatott rumok k\u00f3stol\u00f3ja is. A rendezv\u00e9ny ideje alatt \u00fcl\u0151helyek \u00e1llnak rendelkez\u00e9sre kiszolg\u00e1l\u00e1ssal \u00e9s pinc\u00e9rekkel, akik csak a b\u00e1ron bel\u00fcl szolg\u00e1lnak fel. \u00dcgyfeleink a b\u00e1rt az est friss elemek\u00e9nt dics\u00e9rik. A vend\u00e9gek egy kis id\u0151re elmenek\u00fclhetnek, mik\u00f6zben tov\u00e1bbra is az esem\u00e9nyek k\u00f6z\u00e9ppontj\u00e1ban maradnak, \u00e9s emellett min\u0151s\u00e9gi alkoholt fogyaszthatnak.<\/p>\n<p>[\/et_pb_text][\/et_pb_column][\/et_pb_row][et_pb_row _builder_version=&#8221;4.20.4&#8243; _module_preset=&#8221;default&#8221; global_colors_info=&#8221;{}&#8221;][et_pb_column type=&#8221;4_4&#8243; _builder_version=&#8221;4.20.4&#8243; _module_preset=&#8221;default&#8221; global_colors_info=&#8221;{}&#8221;][et_pb_divider color=&#8221;#FFFFFF&#8221; _builder_version=&#8221;4.20.4&#8243; _module_preset=&#8221;default&#8221; global_colors_info=&#8221;{}&#8221;][\/et_pb_divider][et_pb_text _builder_version=&#8221;4.20.4&#8243; _module_preset=&#8221;default&#8221; text_font=&#8221;|||on|||||&#8221; text_text_color=&#8221;#e4b056&#8243; text_font_size=&#8221;24px&#8221; text_line_height=&#8221;40px&#8221; text_orientation=&#8221;center&#8221; global_colors_info=&#8221;{}&#8221;]<\/p>\n<p>A m\u00e9g \u00e9rdekesebb est\u00e9k\u00e9rt a bar servis r\u00e9szek\u00e9nt kokt\u00e9lkever\u0151 workshopokat k\u00edn\u00e1lunk. Tapasztalt bartendereink v\u00e9gigvezetik \u00d6nt az italok gyors t\u00f6rt\u00e9net\u00e9n, \u00e9s megtan\u00edtj\u00e1k az ital elk\u00e9sz\u00edt\u00e9s\u00e9re \u00e9s kever\u00e9s\u00e9re, ak\u00e1r az utas\u00edt\u00e1sok, ak\u00e1r saj\u00e1t elk\u00e9pzel\u00e9sei szerint. Egy\u00fattal megtudhat valamit az \u00edzek harm\u00f3ni\u00e1j\u00e1r\u00f3l, \u00e9s sz\u00f3 lesz az italkever\u00e9s k\u00fcl\u00f6nb\u00f6z\u0151 fajt\u00e1ir\u00f3l \u00e9s megk\u00f6zel\u00edt\u00e9seir\u0151l is.<\/p>\n<p>A versenyz\u0151 t\u00edpusok a workshop v\u00e9g\u00e9n egy kis kokt\u00e9lkever\u0151 versenyen vehetnek r\u00e9szt. A gy\u0151ztes d\u00edjat is kap egy \u00fcveg min\u0151s\u00e9gi alkohol form\u00e1j\u00e1ban, cser\u00e9be pedig mindenki sz\u00e1m\u00e1ra elk\u00e9sz\u00edtheti a nyertes kokt\u00e9lt.<\/p>\n<p>[\/et_pb_text][et_pb_divider color=&#8221;#FFFFFF&#8221; _builder_version=&#8221;4.20.4&#8243; _module_preset=&#8221;default&#8221; global_colors_info=&#8221;{}&#8221;][\/et_pb_divider][\/et_pb_column][\/et_pb_row][\/et_pb_section][et_pb_section fb_built=&#8221;1&#8243; _builder_version=&#8221;4.20.4&#8243; _module_preset=&#8221;default&#8221; background_color=&#8221;RGBA(255,255,255,0)&#8221; custom_margin=&#8221;0px||0px||false|false&#8221; custom_padding=&#8221;0px||0px||false|false&#8221; global_colors_info=&#8221;{}&#8221;][et_pb_row _builder_version=&#8221;4.20.4&#8243; _module_preset=&#8221;default&#8221; custom_margin=&#8221;||||false|false&#8221; saved_tabs=&#8221;all&#8221; global_colors_info=&#8221;{}&#8221;][et_pb_column type=&#8221;4_4&#8243; _builder_version=&#8221;4.20.4&#8243; _module_preset=&#8221;default&#8221; global_colors_info=&#8221;{}&#8221;][et_pb_image src=&#8221;https:\/\/www.b5events.sk\/wp-content\/uploads\/2023\/04\/B5events_ikona-2x.png&#8221; title_text=&#8221;B5events_icon&#8221; align=&#8221;center&#8221; _builder_version=&#8221;4.20.4&#8243; _module_preset=&#8221;default&#8221; width=&#8221;61px&#8221; width_last_edited=&#8221;off|phone&#8221; global_colors_info=&#8221;{}&#8221;][\/et_pb_image][et_pb_text _builder_version=&#8221;4.20.4&#8243; _module_preset=&#8221;default&#8221; text_font=&#8221;|700||on|||||&#8221; text_text_color=&#8221;#EEBA4C&#8221; text_font_size=&#8221;14px&#8221; text_orientation=&#8221;center&#8221; custom_margin=&#8221;-33px||||false|false&#8221; global_colors_info=&#8221;{}&#8221;]<\/p>\n<p>bar<\/p>\n<p>[\/et_pb_text][et_pb_text _builder_version=&#8221;4.20.4&#8243; _module_preset=&#8221;default&#8221; text_text_color=&#8221;#EEBA4C&#8221; text_font_size=&#8221;36px&#8221; text_line_height=&#8221;44px&#8221; background_color=&#8221;RGBA(255,255,255,0)&#8221; text_orientation=&#8221;center&#8221; custom_margin=&#8221;-14px||||false|false&#8221; custom_padding=&#8221;0px||||false|false&#8221; global_colors_info=&#8221;{}&#8221;]<\/p>\n<p>K\u00edn\u00e1latunk<\/p>\n<p>[\/et_pb_text][et_pb_divider _builder_version=&#8221;4.20.4&#8243; _module_preset=&#8221;default&#8221; width=&#8221;117px&#8221; module_alignment=&#8221;center&#8221; global_colors_info=&#8221;{}&#8221;][\/et_pb_divider][dipi_info_circle circle_list_size=&#8221;600px&#8221; auto_mode=&#8221;on&#8221; circle_list_size_tablet=&#8221;&#8221; circle_list_size_phone=&#8221;300px&#8221; circle_list_size_last_edited=&#8221;on|phone&#8221; _builder_version=&#8221;4.20.4&#8243; _module_preset=&#8221;default&#8221; background_enable_image=&#8221;off&#8221; global_colors_info=&#8221;{}&#8221;][dipi_info_circle_item admin_label=&#8221;1&#8243; info_image=&#8221;https:\/\/www.b5events.sk\/wp-content\/uploads\/2023\/04\/01.svg&#8221; content_title=&#8221;tematikus mobil b\u00e1rok&#8221; content_description=&#8221;<\/p>\n<hr color=%22#EEBA4C%22 width=%2260px%22>\n<p>&#8221; info_image_icon_background_color=&#8221;RGBA(255,255,255,0)&#8221; info_image_icon_hover_background_color=&#8221;RGBA(255,255,255,0)&#8221; info_image_icon_active_background_color=&#8221;RGBA(255,255,255,0)&#8221; content_icon_color=&#8221;RGBA(255,255,255,0)&#8221; _builder_version=&#8221;4.20.4&#8243; _module_preset=&#8221;default&#8221; content_title_font=&#8221;|700||on|||||&#8221; content_title_font_size=&#8221;30px&#8221; content_desc_font_size=&#8221;21px&#8221; use_background_color_gradient=&#8221;on&#8221; background_color_gradient_stops=&#8221;rgba(0,0,0,0.43) 0%|rgba(0,0,0,0.47) 99%&#8221; background_color_gradient_overlays_image=&#8221;on&#8221; background_image=&#8221;https:\/\/www.b5events.sk\/wp-content\/uploads\/2023\/05\/bar-servis.png&#8221; background_enable_image=&#8221;on&#8221; content_title_font_size_tablet=&#8221;30px&#8221; content_title_font_size_phone=&#8221;25px&#8221; content_title_font_size_last_edited=&#8221;on|phone&#8221; content_desc_font_size_tablet=&#8221;21px&#8221; content_desc_font_size_phone=&#8221;15px&#8221; content_desc_font_size_last_edited=&#8221;on|phone&#8221; border_width_all_info_image_icon=&#8221;0px&#8221; global_colors_info=&#8221;{}&#8221;][\/dipi_info_circle_item][dipi_info_circle_item admin_label=&#8221;2&#8243; info_image=&#8221;https:\/\/www.b5events.sk\/wp-content\/uploads\/2023\/04\/02.svg&#8221; content_title=&#8221;workshopok&#8221; content_description=&#8221;<\/p>\n<hr color=%22#EEBA4C%22 width=%2260px%22>\n<p>&#8221; info_image_icon_background_color=&#8221;RGBA(255,255,255,0)&#8221; info_image_icon_hover_background_color=&#8221;RGBA(255,255,255,0)&#8221; info_image_icon_active_background_color=&#8221;RGBA(255,255,255,0)&#8221; content_icon_color=&#8221;RGBA(255,255,255,0)&#8221; _builder_version=&#8221;4.20.4&#8243; _module_preset=&#8221;default&#8221; content_title_font=&#8221;|700||on|||||&#8221; content_title_font_size=&#8221;30px&#8221; content_desc_font_size=&#8221;21px&#8221; use_background_color_gradient=&#8221;on&#8221; background_color_gradient_stops=&#8221;rgba(0,0,0,0.43) 0%|rgba(0,0,0,0.47) 99%&#8221; background_color_gradient_overlays_image=&#8221;on&#8221; background_image=&#8221;https:\/\/www.b5events.sk\/wp-content\/uploads\/2023\/05\/bar-servis.png&#8221; background_enable_image=&#8221;on&#8221; content_title_font_size_tablet=&#8221;30px&#8221; content_title_font_size_phone=&#8221;25px&#8221; content_title_font_size_last_edited=&#8221;on|phone&#8221; content_desc_font_size_tablet=&#8221;21px&#8221; content_desc_font_size_phone=&#8221;15px&#8221; content_desc_font_size_last_edited=&#8221;on|phone&#8221; border_width_all_info_image_icon=&#8221;0px&#8221; global_colors_info=&#8221;{}&#8221;][\/dipi_info_circle_item][dipi_info_circle_item admin_label=&#8221;3&#8243; info_image=&#8221;https:\/\/www.b5events.sk\/wp-content\/uploads\/2023\/04\/03.svg&#8221; content_title=&#8221;\u00e9rt\u00e9kes\u00edt\u00e9si b\u00e1rok&#8221; content_description=&#8221;<\/p>\n<hr color=%22#EEBA4C%22 width=%2260px%22>\n<p>&#8221; info_image_icon_background_color=&#8221;RGBA(255,255,255,0)&#8221; info_image_icon_hover_background_color=&#8221;RGBA(255,255,255,0)&#8221; info_image_icon_active_background_color=&#8221;RGBA(255,255,255,0)&#8221; content_icon_color=&#8221;RGBA(255,255,255,0)&#8221; _builder_version=&#8221;4.20.4&#8243; _module_preset=&#8221;default&#8221; content_title_font=&#8221;|700||on|||||&#8221; content_title_font_size=&#8221;30px&#8221; content_desc_font_size=&#8221;21px&#8221; use_background_color_gradient=&#8221;on&#8221; background_color_gradient_stops=&#8221;rgba(0,0,0,0.43) 0%|rgba(0,0,0,0.47) 99%&#8221; background_color_gradient_overlays_image=&#8221;on&#8221; background_image=&#8221;https:\/\/www.b5events.sk\/wp-content\/uploads\/2023\/05\/bar-servis.png&#8221; background_enable_image=&#8221;on&#8221; content_title_font_size_tablet=&#8221;30px&#8221; content_title_font_size_phone=&#8221;25px&#8221; content_title_font_size_last_edited=&#8221;on|phone&#8221; content_desc_font_size_tablet=&#8221;21px&#8221; content_desc_font_size_phone=&#8221;15px&#8221; content_desc_font_size_last_edited=&#8221;on|phone&#8221; border_width_all_info_image_icon=&#8221;0px&#8221; global_colors_info=&#8221;{}&#8221;][\/dipi_info_circle_item][dipi_info_circle_item admin_label=&#8221;4&#8243; info_image=&#8221;https:\/\/www.b5events.sk\/wp-content\/uploads\/2023\/04\/04.svg&#8221; content_title=&#8221;kevert italok&#8221; content_description=&#8221;<\/p>\n<hr color=%22#EEBA4C%22 width=%2260px%22>\n<p>&#8221; info_image_icon_background_color=&#8221;RGBA(255,255,255,0)&#8221; info_image_icon_hover_background_color=&#8221;RGBA(255,255,255,0)&#8221; info_image_icon_active_background_color=&#8221;RGBA(255,255,255,0)&#8221; content_icon_color=&#8221;RGBA(255,255,255,0)&#8221; _builder_version=&#8221;4.20.4&#8243; _module_preset=&#8221;default&#8221; content_title_font=&#8221;|700||on|||||&#8221; content_title_font_size=&#8221;30px&#8221; content_desc_font_size=&#8221;21px&#8221; use_background_color_gradient=&#8221;on&#8221; background_color_gradient_stops=&#8221;rgba(0,0,0,0.43) 0%|rgba(0,0,0,0.47) 99%&#8221; background_color_gradient_overlays_image=&#8221;on&#8221; background_image=&#8221;https:\/\/www.b5events.sk\/wp-content\/uploads\/2023\/05\/bar-servis.png&#8221; background_enable_image=&#8221;on&#8221; content_title_font_size_tablet=&#8221;30px&#8221; content_title_font_size_phone=&#8221;25px&#8221; content_title_font_size_last_edited=&#8221;on|phone&#8221; content_desc_font_size_tablet=&#8221;21px&#8221; content_desc_font_size_phone=&#8221;15px&#8221; content_desc_font_size_last_edited=&#8221;on|phone&#8221; border_width_all_info_image_icon=&#8221;0px&#8221; global_colors_info=&#8221;{}&#8221;][\/dipi_info_circle_item][dipi_info_circle_item admin_label=&#8221;5&#8243; info_image=&#8221;https:\/\/www.b5events.sk\/wp-content\/uploads\/2023\/04\/05.svg&#8221; content_title=&#8221;bartender show&#8221; content_description=&#8221;<\/p>\n<hr color=%22#EEBA4C%22 width=%2260px%22>\n<p>&#8221; info_image_icon_background_color=&#8221;RGBA(255,255,255,0)&#8221; info_image_icon_hover_background_color=&#8221;RGBA(255,255,255,0)&#8221; info_image_icon_active_background_color=&#8221;RGBA(255,255,255,0)&#8221; content_icon_color=&#8221;RGBA(255,255,255,0)&#8221; _builder_version=&#8221;4.20.4&#8243; _module_preset=&#8221;default&#8221; content_title_font=&#8221;|700||on|||||&#8221; content_title_font_size=&#8221;30px&#8221; content_desc_font_size=&#8221;21px&#8221; use_background_color_gradient=&#8221;on&#8221; background_color_gradient_stops=&#8221;rgba(0,0,0,0.43) 0%|rgba(0,0,0,0.47) 99%&#8221; background_color_gradient_overlays_image=&#8221;on&#8221; background_image=&#8221;https:\/\/www.b5events.sk\/wp-content\/uploads\/2023\/05\/bar-servis.png&#8221; background_enable_image=&#8221;on&#8221; content_title_font_size_tablet=&#8221;30px&#8221; content_title_font_size_phone=&#8221;25px&#8221; content_title_font_size_last_edited=&#8221;on|phone&#8221; content_desc_font_size_tablet=&#8221;21px&#8221; content_desc_font_size_phone=&#8221;15px&#8221; content_desc_font_size_last_edited=&#8221;on|phone&#8221; border_width_all_info_image_icon=&#8221;0px&#8221; global_colors_info=&#8221;{}&#8221;][\/dipi_info_circle_item][dipi_info_circle_item admin_label=&#8221;6&#8243; info_image=&#8221;https:\/\/www.b5events.sk\/wp-content\/uploads\/2023\/04\/06.svg&#8221; content_title=&#8221;vezetett k\u00f3stol\u00f3k&#8221; content_description=&#8221;<\/p>\n<hr color=%22#EEBA4C%22 width=%2260px%22>\n<p>&#8221; info_image_icon_background_color=&#8221;RGBA(255,255,255,0)&#8221; info_image_icon_hover_background_color=&#8221;RGBA(255,255,255,0)&#8221; info_image_icon_active_background_color=&#8221;RGBA(255,255,255,0)&#8221; content_icon_color=&#8221;RGBA(255,255,255,0)&#8221; _builder_version=&#8221;4.20.4&#8243; _module_preset=&#8221;default&#8221; content_title_font=&#8221;|700||on|||||&#8221; content_title_font_size=&#8221;30px&#8221; content_desc_font_size=&#8221;21px&#8221; use_background_color_gradient=&#8221;on&#8221; background_color_gradient_stops=&#8221;rgba(0,0,0,0.43) 0%|rgba(0,0,0,0.47) 99%&#8221; background_color_gradient_overlays_image=&#8221;on&#8221; background_image=&#8221;https:\/\/www.b5events.sk\/wp-content\/uploads\/2023\/05\/bar-servis.png&#8221; background_enable_image=&#8221;on&#8221; content_title_font_size_tablet=&#8221;30px&#8221; content_title_font_size_phone=&#8221;25px&#8221; content_title_font_size_last_edited=&#8221;on|phone&#8221; content_desc_font_size_tablet=&#8221;21px&#8221; content_desc_font_size_phone=&#8221;15px&#8221; content_desc_font_size_last_edited=&#8221;on|phone&#8221; border_color_all=&#8221;#FFFFFF&#8221; border_width_all_info_image_icon=&#8221;0px&#8221; global_colors_info=&#8221;{}&#8221;][\/dipi_info_circle_item][dipi_info_circle_item admin_label=&#8221;6&#8243; info_image=&#8221;https:\/\/www.b5events.sk\/wp-content\/uploads\/2023\/04\/07.svg&#8221; content_title=&#8221;profi bartenderek&#8221; content_description=&#8221;<\/p>\n<hr color=%22#EEBA4C%22 width=%2260px%22>\n<p>&#8221; info_image_icon_background_color=&#8221;RGBA(255,255,255,0)&#8221; info_image_icon_hover_background_color=&#8221;RGBA(255,255,255,0)&#8221; info_image_icon_active_background_color=&#8221;RGBA(255,255,255,0)&#8221; content_icon_color=&#8221;RGBA(255,255,255,0)&#8221; _builder_version=&#8221;4.20.4&#8243; _module_preset=&#8221;default&#8221; content_title_font=&#8221;|700||on|||||&#8221; content_title_font_size=&#8221;30px&#8221; content_desc_font_size=&#8221;21px&#8221; use_background_color_gradient=&#8221;on&#8221; background_color_gradient_stops=&#8221;rgba(0,0,0,0.43) 0%|rgba(0,0,0,0.47) 99%&#8221; background_color_gradient_overlays_image=&#8221;on&#8221; background_image=&#8221;https:\/\/www.b5events.sk\/wp-content\/uploads\/2023\/05\/bar-servis.png&#8221; background_enable_image=&#8221;on&#8221; content_title_font_size_tablet=&#8221;30px&#8221; content_title_font_size_phone=&#8221;25px&#8221; content_title_font_size_last_edited=&#8221;on|phone&#8221; content_desc_font_size_tablet=&#8221;21px&#8221; content_desc_font_size_phone=&#8221;15px&#8221; content_desc_font_size_last_edited=&#8221;on|phone&#8221; border_color_all=&#8221;#FFFFFF&#8221; border_width_all_info_image_icon=&#8221;0px&#8221; global_colors_info=&#8221;{}&#8221;][\/dipi_info_circle_item][dipi_info_circle_item admin_label=&#8221;6&#8243; info_image=&#8221;https:\/\/www.b5events.sk\/wp-content\/uploads\/2023\/05\/08.svg&#8221; content_title=&#8221;felszerel\u00e9s k\u00f6lcs\u00f6nz\u00e9se&#8221; content_description=&#8221;<\/p>\n<hr color=%22#EEBA4C%22 width=%2260px%22>\n<p>&#8221; info_image_icon_background_color=&#8221;RGBA(255,255,255,0)&#8221; info_image_icon_hover_background_color=&#8221;RGBA(255,255,255,0)&#8221; info_image_icon_active_background_color=&#8221;RGBA(255,255,255,0)&#8221; content_icon_color=&#8221;RGBA(255,255,255,0)&#8221; _builder_version=&#8221;4.20.4&#8243; _module_preset=&#8221;default&#8221; content_title_font=&#8221;|700||on|||||&#8221; content_title_font_size=&#8221;30px&#8221; content_desc_font_size=&#8221;21px&#8221; use_background_color_gradient=&#8221;on&#8221; background_color_gradient_stops=&#8221;rgba(0,0,0,0.43) 0%|rgba(0,0,0,0.47) 99%&#8221; background_color_gradient_overlays_image=&#8221;on&#8221; background_image=&#8221;https:\/\/www.b5events.sk\/wp-content\/uploads\/2023\/05\/bar-servis.png&#8221; background_enable_image=&#8221;on&#8221; content_title_font_size_tablet=&#8221;30px&#8221; content_title_font_size_phone=&#8221;25px&#8221; content_title_font_size_last_edited=&#8221;on|phone&#8221; content_desc_font_size_tablet=&#8221;21px&#8221; content_desc_font_size_phone=&#8221;15px&#8221; content_desc_font_size_last_edited=&#8221;on|phone&#8221; border_color_all=&#8221;#FFFFFF&#8221; border_width_all_info_image_icon=&#8221;0px&#8221; global_colors_info=&#8221;{}&#8221;][\/dipi_info_circle_item][\/dipi_info_circle][\/et_pb_column][\/et_pb_row][et_pb_row _builder_version=&#8221;4.20.4&#8243; _module_preset=&#8221;default&#8221; global_colors_info=&#8221;{}&#8221;][et_pb_column type=&#8221;4_4&#8243; _builder_version=&#8221;4.20.4&#8243; _module_preset=&#8221;default&#8221; global_colors_info=&#8221;{}&#8221;][et_pb_divider _builder_version=&#8221;4.20.4&#8243; _module_preset=&#8221;default&#8221; global_colors_info=&#8221;{}&#8221;][\/et_pb_divider][\/et_pb_column][\/et_pb_row][\/et_pb_section]<\/p>\n","protected":false},"excerpt":{"rendered":"<p>barBar servisA k\u00f6nnyebb lefoly\u00e1s \u00e9s a hat\u00e9konyabb szolg\u00e1ltat\u00e1sok \u00e9rdek\u00e9ben BAR servist is beiktattunk k\u00edn\u00e1latunkba, amely r\u00e9sze lehet az \u00d6n rendezv\u00e9ny\u00e9nek is. A vil\u00e1g minden t\u00e1j\u00e1r\u00f3l \u00e9rkez\u0151 bartenderek olyan italokat kevernek, amelyekr\u0151l \u00e1lmodni sem mer. A b\u00e1r mindenf\u00e9le alkohollal felszerelt. A bort\u00f3l a ginen kereszt\u00fcl a min\u0151s\u00e9gi v\u00e1logatott rumokig. A k\u00fcl\u00f6n b\u00e1r el\u0151nye, hogy vend\u00e9gei az [&hellip;]<\/p>\n","protected":false},"author":2,"featured_media":0,"parent":0,"menu_order":0,"comment_status":"closed","ping_status":"closed","template":"","meta":{"_seopress_robots_primary_cat":"","_seopress_titles_title":"Bar catering, pultos show, mobil b\u00e1r kiad\u00f3","_seopress_titles_desc":"Professzion\u00e1lis b\u00e1r\u00e9tkeztet\u00e9s nem csak Pozsonyban. Bartending szolg\u00e1ltat\u00e1s, pultos show \u00e9s mobil b\u00e1r b\u00e9relhet\u0151.","_seopress_robots_index":"","_et_pb_use_builder":"on","_et_pb_old_content":"","_et_gb_content_width":"","footnotes":""},"dipi_cpt_category":[],"class_list":["post-23813694","page","type-page","status-publish","hentry"],"_links":{"self":[{"href":"https:\/\/www.b5events.sk\/hu\/wp-json\/wp\/v2\/pages\/23813694","targetHints":{"allow":["GET"]}}],"collection":[{"href":"https:\/\/www.b5events.sk\/hu\/wp-json\/wp\/v2\/pages"}],"about":[{"href":"https:\/\/www.b5events.sk\/hu\/wp-json\/wp\/v2\/types\/page"}],"author":[{"embeddable":true,"href":"https:\/\/www.b5events.sk\/hu\/wp-json\/wp\/v2\/users\/2"}],"replies":[{"embeddable":true,"href":"https:\/\/www.b5events.sk\/hu\/wp-json\/wp\/v2\/comments?post=23813694"}],"version-history":[{"count":0,"href":"https:\/\/www.b5events.sk\/hu\/wp-json\/wp\/v2\/pages\/23813694\/revisions"}],"wp:attachment":[{"href":"https:\/\/www.b5events.sk\/hu\/wp-json\/wp\/v2\/media?parent=23813694"}],"wp:term":[{"taxonomy":"dipi_cpt_category","embeddable":true,"href":"https:\/\/www.b5events.sk\/hu\/wp-json\/wp\/v2\/dipi_cpt_category?post=23813694"}],"curies":[{"name":"wp","href":"https:\/\/api.w.org\/{rel}","templated":true}]}}