{"id":23813676,"date":"2023-05-02T17:06:11","date_gmt":"2023-05-02T15:06:11","guid":{"rendered":"https:\/\/www.b5events.sk\/barovy-servis\/"},"modified":"2025-03-31T15:01:44","modified_gmt":"2025-03-31T13:01:44","slug":"barovy-servis","status":"publish","type":"page","link":"https:\/\/www.b5events.sk\/cs\/barovy-servis\/","title":{"rendered":"Barov\u00fd servis"},"content":{"rendered":"<p>[et_pb_section fb_built=&#8220;1&#8243; _builder_version=&#8220;4.27.4&#8243; _module_preset=&#8220;default&#8220; background_image=&#8220;https:\/\/www.b5events.sk\/wp-content\/uploads\/2023\/05\/bar-servis.jpg&#8220; module_alignment=&#8220;center&#8220; hover_enabled=&#8220;0&#8243; global_colors_info=&#8220;{}&#8220; min_height=&#8220;33vh&#8220; sticky_enabled=&#8220;0&#8243;][\/et_pb_section][et_pb_section fb_built=&#8220;1&#8243; _builder_version=&#8220;4.20.4&#8243; _module_preset=&#8220;default&#8220; background_color=&#8220;#000000&#8243; custom_margin=&#8220;0px||0px||false|false&#8220; custom_padding=&#8220;50px||0px||false|false&#8220; global_colors_info=&#8220;{}&#8220;][et_pb_row _builder_version=&#8220;4.20.4&#8243; _module_preset=&#8220;default&#8220; custom_margin=&#8220;||0px||false|false&#8220; custom_padding=&#8220;||0px||false|false&#8220; global_colors_info=&#8220;{}&#8220;][et_pb_column type=&#8220;4_4&#8243; _builder_version=&#8220;4.20.4&#8243; _module_preset=&#8220;default&#8220; global_colors_info=&#8220;{}&#8220;][et_pb_image src=&#8220;https:\/\/www.b5events.sk\/wp-content\/uploads\/2023\/04\/B5events_ikona-2x.png&#8220; title_text=&#8220;B5events_ikona-2x&#8220; align=&#8220;center&#8220; _builder_version=&#8220;4.20.4&#8243; _module_preset=&#8220;default&#8220; width=&#8220;61px&#8220; width_last_edited=&#8220;off|phone&#8220; global_colors_info=&#8220;{}&#8220;][\/et_pb_image][et_pb_text _builder_version=&#8220;4.20.4&#8243; _module_preset=&#8220;default&#8220; text_font=&#8220;|700||on|||||&#8220; text_text_color=&#8220;#EEBA4C&#8220; text_font_size=&#8220;14px&#8220; text_orientation=&#8220;center&#8220; custom_margin=&#8220;-33px||||false|false&#8220; global_colors_info=&#8220;{}&#8220;]<\/p>\n<p>bar<\/p>\n<p>[\/et_pb_text][et_pb_text _builder_version=&#8220;4.20.4&#8243; _module_preset=&#8220;default&#8220; text_font=&#8220;||||||||&#8220; text_text_color=&#8220;#EEBA4C&#8220; text_font_size=&#8220;36px&#8220; text_line_height=&#8220;44px&#8220; text_orientation=&#8220;center&#8220; custom_margin=&#8220;-14px||||false|false&#8220; custom_padding=&#8220;0px||||false|false&#8220; global_colors_info=&#8220;{}&#8220;]<\/p>\n<p>Barov\u00fd servis<\/p>\n<p>[\/et_pb_text][et_pb_divider _builder_version=&#8220;4.20.4&#8243; _module_preset=&#8220;default&#8220; width=&#8220;117px&#8220; module_alignment=&#8220;center&#8220; global_colors_info=&#8220;{}&#8220;][\/et_pb_divider][\/et_pb_column][\/et_pb_row][\/et_pb_section][et_pb_section fb_built=&#8220;1&#8243; _builder_version=&#8220;4.20.4&#8243; _module_preset=&#8220;default&#8220; background_color=&#8220;RGBA(255,255,255,0)&#8220; custom_margin=&#8220;0px||0px||false|false&#8220; custom_padding=&#8220;0px||0px||false|false&#8220; global_colors_info=&#8220;{}&#8220;][et_pb_row _builder_version=&#8220;4.20.4&#8243; _module_preset=&#8220;default&#8220; width=&#8220;50%&#8220; global_colors_info=&#8220;{}&#8220;][et_pb_column type=&#8220;4_4&#8243; _builder_version=&#8220;4.20.4&#8243; _module_preset=&#8220;default&#8220; global_colors_info=&#8220;{}&#8220;][et_pb_image src=&#8220;https:\/\/www.b5events.sk\/wp-content\/uploads\/2023\/05\/Group-340.svg&#8220; title_text=&#8220;Group 340&#8243; align=&#8220;center&#8220; _builder_version=&#8220;4.20.4&#8243; _module_preset=&#8220;default&#8220; global_colors_info=&#8220;{}&#8220;][\/et_pb_image][\/et_pb_column][\/et_pb_row][\/et_pb_section][et_pb_section fb_built=&#8220;1&#8243; _builder_version=&#8220;4.20.4&#8243; _module_preset=&#8220;default&#8220; background_color=&#8220;RGBA(255,255,255,0)&#8220; custom_margin=&#8220;0px||20px||false|false&#8220; custom_padding=&#8220;0px||0px||false|false&#8220; global_colors_info=&#8220;{}&#8220;][et_pb_row column_structure=&#8220;1_2,1_2&#8243; _builder_version=&#8220;4.20.4&#8243; _module_preset=&#8220;default&#8220; custom_margin=&#8220;60px||||false|false&#8220; global_colors_info=&#8220;{}&#8220;][et_pb_column type=&#8220;1_2&#8243; _builder_version=&#8220;4.20.4&#8243; _module_preset=&#8220;default&#8220; global_colors_info=&#8220;{}&#8220;][et_pb_text _builder_version=&#8220;4.20.4&#8243; _module_preset=&#8220;default&#8220; text_line_height=&#8220;40px&#8220; module_alignment=&#8220;center&#8220; global_colors_info=&#8220;{}&#8220;]<\/p>\n<p>Pro snaz\u0161\u00ed pr\u016fb\u011bh a efektivn\u011bj\u0161\u00ed slu\u017eby jsme za\u0159adili do vybaven\u00ed i barov\u00fd servis, kter\u00fd m\u016f\u017ee b\u00fdt sou\u010d\u00e1st\u00ed i va\u0161\u00ed akce. Barmani z cel\u00e9ho sv\u011bta nam\u00edchaj\u00ed drinky, o kter\u00fdch se v\u00e1m ani nesnilo. Bar je z\u00e1rove\u0148 vybaven\u00fd v\u0161emi druhy alkoholu. Od v\u00edna p\u0159es gin a\u017e po kvalitn\u00ed v\u00fdb\u011brov\u00e9 rumy. V\u00fdhodou samotn\u00e9ho baru je, \u017ee va\u0161i host\u00e9 si mohou b\u011bhem cel\u00e9ho ve\u010dera vychutn\u00e1vat alkohol podle preference. Tref\u00edte se tak do vkusu ka\u017ed\u00e9ho.<\/p>\n<p>[\/et_pb_text][\/et_pb_column][et_pb_column type=&#8220;1_2&#8243; _builder_version=&#8220;4.20.4&#8243; _module_preset=&#8220;default&#8220; global_colors_info=&#8220;{}&#8220;][et_pb_text _builder_version=&#8220;4.20.4&#8243; _module_preset=&#8220;default&#8220; text_line_height=&#8220;40px&#8220; global_colors_info=&#8220;{}&#8220;]<\/p>\n<p>V r\u00e1mci barov\u00e9ho servisu nab\u00edz\u00edme tak\u00e9 barmanskou show nebo \u0159\u00edzenou degustaci alkoholu podle preference. Someli\u00e9r v\u00e1s provede celou \u0159adou nejlep\u0161\u00edch v\u00edn z r\u016fzn\u00fdch oblast\u00ed, kter\u00e9 va\u0161i hosti mohou b\u011bhem cel\u00e9ho ve\u010dera ochutn\u00e1vat. Nab\u00edz\u00edme tak\u00e9 degustaci piv nebo u\u017e zm\u00edn\u011bn\u00fdch v\u00fdb\u011brov\u00fdch rum\u016f z cel\u00e9ho sv\u011bta. Po dobu trv\u00e1n\u00ed akce m\u00e1te k dispozici posezen\u00ed s obsluhou a \u010d\u00ed\u0161n\u00edky, kte\u0159\u00ed se v\u011bnuj\u00ed pouze obsluze v r\u00e1mci baru. Na\u0161i klienti si bar pochvaluj\u00ed jako sv\u011b\u017e\u00ed prvek ve\u010dera. Hosti mohou na chv\u00edli uniknout a p\u0159itom z\u016fst\u00e1vaj\u00ed st\u00e1le v centru d\u011bn\u00ed, p\u0159i\u010dem\u017e si vychutn\u00e1vaj\u00ed kvalitn\u00ed alkohol.<\/p>\n<p>[\/et_pb_text][\/et_pb_column][\/et_pb_row][et_pb_row _builder_version=&#8220;4.20.4&#8243; _module_preset=&#8220;default&#8220; global_colors_info=&#8220;{}&#8220;][et_pb_column type=&#8220;4_4&#8243; _builder_version=&#8220;4.20.4&#8243; _module_preset=&#8220;default&#8220; global_colors_info=&#8220;{}&#8220;][et_pb_divider color=&#8220;#FFFFFF&#8220; _builder_version=&#8220;4.20.4&#8243; _module_preset=&#8220;default&#8220; global_colors_info=&#8220;{}&#8220;][\/et_pb_divider][et_pb_text _builder_version=&#8220;4.20.4&#8243; _module_preset=&#8220;default&#8220; text_font=&#8220;|||on|||||&#8220; text_text_color=&#8220;#e4b056&#8243; text_font_size=&#8220;24px&#8220; text_line_height=&#8220;40px&#8220; text_orientation=&#8220;center&#8220; global_colors_info=&#8220;{}&#8220;]<\/p>\n<p>Pro je\u0161t\u011b zaj\u00edmav\u011bj\u0161\u00ed ve\u010der nab\u00edz\u00edme v r\u00e1mci barov\u00e9ho servisu workshopy m\u00edch\u00e1n\u00ed koktejl\u016f. Na\u0161i zku\u0161en\u00ed barmani v\u00e1s provedou rychlou histori\u00ed n\u00e1poj\u016f a nau\u010d\u00ed v\u00e1s jak p\u0159ipravit a nam\u00edchat drink, a\u0165 u\u017e podle instrukc\u00ed nebo vlastn\u00edch p\u0159edstav. Z\u00e1rove\u0148 se dozv\u00edte n\u011bco o harmonii chut\u00ed a \u0159e\u010d bude i o r\u016fzn\u00fdch druz\u00edch a p\u0159\u00edstup\u016f v m\u00edch\u00e1n\u00ed n\u00e1poj\u016f.<\/p>\n<p>Sout\u011b\u017eiv\u00e9 typy se mohou na konci workshopu zapojit do mal\u00e9 sout\u011b\u017ee v m\u00edch\u00e1n\u00ed koktejl\u016f. V\u00edt\u011bz dostane cenu v podob\u011b lahve kvalitn\u00edho alkoholu a na opl\u00e1tku m\u016f\u017ee v\u0161em nam\u00edchat v\u00edt\u011bzn\u00fd koktejl.<\/p>\n<p>[\/et_pb_text][et_pb_divider color=&#8220;#FFFFFF&#8220; _builder_version=&#8220;4.20.4&#8243; _module_preset=&#8220;default&#8220; global_colors_info=&#8220;{}&#8220;][\/et_pb_divider][\/et_pb_column][\/et_pb_row][\/et_pb_section][et_pb_section fb_built=&#8220;1&#8243; _builder_version=&#8220;4.20.4&#8243; _module_preset=&#8220;default&#8220; background_color=&#8220;RGBA(255,255,255,0)&#8220; custom_margin=&#8220;0px||0px||false|false&#8220; custom_padding=&#8220;0px||0px||false|false&#8220; global_colors_info=&#8220;{}&#8220;][et_pb_row _builder_version=&#8220;4.20.4&#8243; _module_preset=&#8220;default&#8220; custom_margin=&#8220;||||false|false&#8220; saved_tabs=&#8220;all&#8220; global_colors_info=&#8220;{}&#8220;][et_pb_column type=&#8220;4_4&#8243; _builder_version=&#8220;4.20.4&#8243; _module_preset=&#8220;default&#8220; global_colors_info=&#8220;{}&#8220;][et_pb_image src=&#8220;https:\/\/www.b5events.sk\/wp-content\/uploads\/2023\/04\/B5events_ikona-2x.png&#8220; title_text=&#8220;B5events_ikona-2x&#8220; align=&#8220;center&#8220; _builder_version=&#8220;4.20.4&#8243; _module_preset=&#8220;default&#8220; width=&#8220;61px&#8220; width_last_edited=&#8220;off|phone&#8220; global_colors_info=&#8220;{}&#8220;][\/et_pb_image][et_pb_text _builder_version=&#8220;4.20.4&#8243; _module_preset=&#8220;default&#8220; text_font=&#8220;|700||on|||||&#8220; text_text_color=&#8220;#EEBA4C&#8220; text_font_size=&#8220;14px&#8220; text_orientation=&#8220;center&#8220; custom_margin=&#8220;-33px||||false|false&#8220; global_colors_info=&#8220;{}&#8220;]<\/p>\n<p>bar<\/p>\n<p>[\/et_pb_text][et_pb_text _builder_version=&#8220;4.20.4&#8243; _module_preset=&#8220;default&#8220; text_text_color=&#8220;#EEBA4C&#8220; text_font_size=&#8220;36px&#8220; text_line_height=&#8220;44px&#8220; background_color=&#8220;RGBA(255,255,255,0)&#8220; text_orientation=&#8220;center&#8220; custom_margin=&#8220;-14px||||false|false&#8220; custom_padding=&#8220;0px||||false|false&#8220; global_colors_info=&#8220;{}&#8220;]<\/p>\n<p>Nab\u00edz\u00edme<\/p>\n<p>[\/et_pb_text][et_pb_divider _builder_version=&#8220;4.20.4&#8243; _module_preset=&#8220;default&#8220; width=&#8220;117px&#8220; module_alignment=&#8220;center&#8220; global_colors_info=&#8220;{}&#8220;][\/et_pb_divider][dipi_info_circle circle_list_size=&#8220;600px&#8220; auto_mode=&#8220;on&#8220; circle_list_size_tablet=&#8220;&#8220; circle_list_size_phone=&#8220;300px&#8220; circle_list_size_last_edited=&#8220;on|phone&#8220; _builder_version=&#8220;4.20.4&#8243; _module_preset=&#8220;default&#8220; background_enable_image=&#8220;off&#8220; global_colors_info=&#8220;{}&#8220;][dipi_info_circle_item admin_label=&#8220;1&#8243; info_image=&#8220;https:\/\/www.b5events.sk\/wp-content\/uploads\/2023\/04\/01.svg&#8220; content_title=&#8220;tematick\u00e9 mobiln\u00ed bary&#8220; content_description=&#8220;<\/p>\n<hr color=%22#EEBA4C%22 width=%2260px%22>\n<p>&#8220; info_image_icon_background_color=&#8220;RGBA(255,255,255,0)&#8220; info_image_icon_hover_background_color=&#8220;RGBA(255,255,255,0)&#8220; info_image_icon_active_background_color=&#8220;RGBA(255,255,255,0)&#8220; content_icon_color=&#8220;RGBA(255,255,255,0)&#8220; _builder_version=&#8220;4.20.4&#8243; _module_preset=&#8220;default&#8220; content_title_font=&#8220;|700||on|||||&#8220; content_title_font_size=&#8220;30px&#8220; content_desc_font_size=&#8220;21px&#8220; use_background_color_gradient=&#8220;on&#8220; background_color_gradient_stops=&#8220;rgba(0,0,0,0.43) 0%|rgba(0,0,0,0.47) 99%&#8220; background_color_gradient_overlays_image=&#8220;on&#8220; background_image=&#8220;https:\/\/www.b5events.sk\/wp-content\/uploads\/2023\/05\/bar-servis.png&#8220; background_enable_image=&#8220;on&#8220; content_title_font_size_tablet=&#8220;30px&#8220; content_title_font_size_phone=&#8220;25px&#8220; content_title_font_size_last_edited=&#8220;on|phone&#8220; content_desc_font_size_tablet=&#8220;21px&#8220; content_desc_font_size_phone=&#8220;15px&#8220; content_desc_font_size_last_edited=&#8220;on|phone&#8220; border_width_all_info_image_icon=&#8220;0px&#8220; global_colors_info=&#8220;{}&#8220;][\/dipi_info_circle_item][dipi_info_circle_item admin_label=&#8220;2&#8243; info_image=&#8220;https:\/\/www.b5events.sk\/wp-content\/uploads\/2023\/04\/02.svg&#8220; content_title=&#8220;workshopy&#8220; content_description=&#8220;<\/p>\n<hr color=%22#EEBA4C%22 width=%2260px%22>\n<p>&#8220; info_image_icon_background_color=&#8220;RGBA(255,255,255,0)&#8220; info_image_icon_hover_background_color=&#8220;RGBA(255,255,255,0)&#8220; info_image_icon_active_background_color=&#8220;RGBA(255,255,255,0)&#8220; content_icon_color=&#8220;RGBA(255,255,255,0)&#8220; _builder_version=&#8220;4.20.4&#8243; _module_preset=&#8220;default&#8220; content_title_font=&#8220;|700||on|||||&#8220; content_title_font_size=&#8220;30px&#8220; content_desc_font_size=&#8220;21px&#8220; use_background_color_gradient=&#8220;on&#8220; background_color_gradient_stops=&#8220;rgba(0,0,0,0.43) 0%|rgba(0,0,0,0.47) 99%&#8220; background_color_gradient_overlays_image=&#8220;on&#8220; background_image=&#8220;https:\/\/www.b5events.sk\/wp-content\/uploads\/2023\/05\/bar-servis.png&#8220; background_enable_image=&#8220;on&#8220; content_title_font_size_tablet=&#8220;30px&#8220; content_title_font_size_phone=&#8220;25px&#8220; content_title_font_size_last_edited=&#8220;on|phone&#8220; content_desc_font_size_tablet=&#8220;21px&#8220; content_desc_font_size_phone=&#8220;15px&#8220; content_desc_font_size_last_edited=&#8220;on|phone&#8220; border_width_all_info_image_icon=&#8220;0px&#8220; global_colors_info=&#8220;{}&#8220;][\/dipi_info_circle_item][dipi_info_circle_item admin_label=&#8220;3&#8243; info_image=&#8220;https:\/\/www.b5events.sk\/wp-content\/uploads\/2023\/04\/03.svg&#8220; content_title=&#8220;prodejn\u00ed bary&#8220; content_description=&#8220;<\/p>\n<hr color=%22#EEBA4C%22 width=%2260px%22>\n<p>&#8220; info_image_icon_background_color=&#8220;RGBA(255,255,255,0)&#8220; info_image_icon_hover_background_color=&#8220;RGBA(255,255,255,0)&#8220; info_image_icon_active_background_color=&#8220;RGBA(255,255,255,0)&#8220; content_icon_color=&#8220;RGBA(255,255,255,0)&#8220; _builder_version=&#8220;4.20.4&#8243; _module_preset=&#8220;default&#8220; content_title_font=&#8220;|700||on|||||&#8220; content_title_font_size=&#8220;30px&#8220; content_desc_font_size=&#8220;21px&#8220; use_background_color_gradient=&#8220;on&#8220; background_color_gradient_stops=&#8220;rgba(0,0,0,0.43) 0%|rgba(0,0,0,0.47) 99%&#8220; background_color_gradient_overlays_image=&#8220;on&#8220; background_image=&#8220;https:\/\/www.b5events.sk\/wp-content\/uploads\/2023\/05\/bar-servis.png&#8220; background_enable_image=&#8220;on&#8220; content_title_font_size_tablet=&#8220;30px&#8220; content_title_font_size_phone=&#8220;25px&#8220; content_title_font_size_last_edited=&#8220;on|phone&#8220; content_desc_font_size_tablet=&#8220;21px&#8220; content_desc_font_size_phone=&#8220;15px&#8220; content_desc_font_size_last_edited=&#8220;on|phone&#8220; border_width_all_info_image_icon=&#8220;0px&#8220; global_colors_info=&#8220;{}&#8220;][\/dipi_info_circle_item][dipi_info_circle_item admin_label=&#8220;4&#8243; info_image=&#8220;https:\/\/www.b5events.sk\/wp-content\/uploads\/2023\/04\/04.svg&#8220; content_title=&#8220;m\u00edchan\u00e9 drinky&#8220; content_description=&#8220;<\/p>\n<hr color=%22#EEBA4C%22 width=%2260px%22>\n<p>&#8220; info_image_icon_background_color=&#8220;RGBA(255,255,255,0)&#8220; info_image_icon_hover_background_color=&#8220;RGBA(255,255,255,0)&#8220; info_image_icon_active_background_color=&#8220;RGBA(255,255,255,0)&#8220; content_icon_color=&#8220;RGBA(255,255,255,0)&#8220; _builder_version=&#8220;4.20.4&#8243; _module_preset=&#8220;default&#8220; content_title_font=&#8220;|700||on|||||&#8220; content_title_font_size=&#8220;30px&#8220; content_desc_font_size=&#8220;21px&#8220; use_background_color_gradient=&#8220;on&#8220; background_color_gradient_stops=&#8220;rgba(0,0,0,0.43) 0%|rgba(0,0,0,0.47) 99%&#8220; background_color_gradient_overlays_image=&#8220;on&#8220; background_image=&#8220;https:\/\/www.b5events.sk\/wp-content\/uploads\/2023\/05\/bar-servis.png&#8220; background_enable_image=&#8220;on&#8220; content_title_font_size_tablet=&#8220;30px&#8220; content_title_font_size_phone=&#8220;25px&#8220; content_title_font_size_last_edited=&#8220;on|phone&#8220; content_desc_font_size_tablet=&#8220;21px&#8220; content_desc_font_size_phone=&#8220;15px&#8220; content_desc_font_size_last_edited=&#8220;on|phone&#8220; border_width_all_info_image_icon=&#8220;0px&#8220; global_colors_info=&#8220;{}&#8220;][\/dipi_info_circle_item][dipi_info_circle_item admin_label=&#8220;5&#8243; info_image=&#8220;https:\/\/www.b5events.sk\/wp-content\/uploads\/2023\/04\/05.svg&#8220; content_title=&#8220;barmansk\u00e1 show&#8220; content_description=&#8220;<\/p>\n<hr color=%22#EEBA4C%22 width=%2260px%22>\n<p>&#8220; info_image_icon_background_color=&#8220;RGBA(255,255,255,0)&#8220; info_image_icon_hover_background_color=&#8220;RGBA(255,255,255,0)&#8220; info_image_icon_active_background_color=&#8220;RGBA(255,255,255,0)&#8220; content_icon_color=&#8220;RGBA(255,255,255,0)&#8220; _builder_version=&#8220;4.20.4&#8243; _module_preset=&#8220;default&#8220; content_title_font=&#8220;|700||on|||||&#8220; content_title_font_size=&#8220;30px&#8220; content_desc_font_size=&#8220;21px&#8220; use_background_color_gradient=&#8220;on&#8220; background_color_gradient_stops=&#8220;rgba(0,0,0,0.43) 0%|rgba(0,0,0,0.47) 99%&#8220; background_color_gradient_overlays_image=&#8220;on&#8220; background_image=&#8220;https:\/\/www.b5events.sk\/wp-content\/uploads\/2023\/05\/bar-servis.png&#8220; background_enable_image=&#8220;on&#8220; content_title_font_size_tablet=&#8220;30px&#8220; content_title_font_size_phone=&#8220;25px&#8220; content_title_font_size_last_edited=&#8220;on|phone&#8220; content_desc_font_size_tablet=&#8220;21px&#8220; content_desc_font_size_phone=&#8220;15px&#8220; content_desc_font_size_last_edited=&#8220;on|phone&#8220; border_width_all_info_image_icon=&#8220;0px&#8220; global_colors_info=&#8220;{}&#8220;][\/dipi_info_circle_item][dipi_info_circle_item admin_label=&#8220;6&#8243; info_image=&#8220;https:\/\/www.b5events.sk\/wp-content\/uploads\/2023\/04\/06.svg&#8220; content_title=&#8220;\u0159\u00edzen\u00e9 degustace&#8220; content_description=&#8220;<\/p>\n<hr color=%22#EEBA4C%22 width=%2260px%22>\n<p>&#8220; info_image_icon_background_color=&#8220;RGBA(255,255,255,0)&#8220; info_image_icon_hover_background_color=&#8220;RGBA(255,255,255,0)&#8220; info_image_icon_active_background_color=&#8220;RGBA(255,255,255,0)&#8220; content_icon_color=&#8220;RGBA(255,255,255,0)&#8220; _builder_version=&#8220;4.20.4&#8243; _module_preset=&#8220;default&#8220; content_title_font=&#8220;|700||on|||||&#8220; content_title_font_size=&#8220;30px&#8220; content_desc_font_size=&#8220;21px&#8220; use_background_color_gradient=&#8220;on&#8220; background_color_gradient_stops=&#8220;rgba(0,0,0,0.43) 0%|rgba(0,0,0,0.47) 99%&#8220; background_color_gradient_overlays_image=&#8220;on&#8220; background_image=&#8220;https:\/\/www.b5events.sk\/wp-content\/uploads\/2023\/05\/bar-servis.png&#8220; background_enable_image=&#8220;on&#8220; content_title_font_size_tablet=&#8220;30px&#8220; content_title_font_size_phone=&#8220;25px&#8220; content_title_font_size_last_edited=&#8220;on|phone&#8220; content_desc_font_size_tablet=&#8220;21px&#8220; content_desc_font_size_phone=&#8220;15px&#8220; content_desc_font_size_last_edited=&#8220;on|phone&#8220; border_color_all=&#8220;#FFFFFF&#8220; border_width_all_info_image_icon=&#8220;0px&#8220; global_colors_info=&#8220;{}&#8220;][\/dipi_info_circle_item][dipi_info_circle_item admin_label=&#8220;6&#8243; info_image=&#8220;https:\/\/www.b5events.sk\/wp-content\/uploads\/2023\/04\/07.svg&#8220; content_title=&#8220;profesion\u00e1ln\u00ed barmani&#8220; content_description=&#8220;<\/p>\n<hr color=%22#EEBA4C%22 width=%2260px%22>\n<p>&#8220; info_image_icon_background_color=&#8220;RGBA(255,255,255,0)&#8220; info_image_icon_hover_background_color=&#8220;RGBA(255,255,255,0)&#8220; info_image_icon_active_background_color=&#8220;RGBA(255,255,255,0)&#8220; content_icon_color=&#8220;RGBA(255,255,255,0)&#8220; _builder_version=&#8220;4.20.4&#8243; _module_preset=&#8220;default&#8220; content_title_font=&#8220;|700||on|||||&#8220; content_title_font_size=&#8220;30px&#8220; content_desc_font_size=&#8220;21px&#8220; use_background_color_gradient=&#8220;on&#8220; background_color_gradient_stops=&#8220;rgba(0,0,0,0.43) 0%|rgba(0,0,0,0.47) 99%&#8220; background_color_gradient_overlays_image=&#8220;on&#8220; background_image=&#8220;https:\/\/www.b5events.sk\/wp-content\/uploads\/2023\/05\/bar-servis.png&#8220; background_enable_image=&#8220;on&#8220; content_title_font_size_tablet=&#8220;30px&#8220; content_title_font_size_phone=&#8220;25px&#8220; content_title_font_size_last_edited=&#8220;on|phone&#8220; content_desc_font_size_tablet=&#8220;21px&#8220; content_desc_font_size_phone=&#8220;15px&#8220; content_desc_font_size_last_edited=&#8220;on|phone&#8220; border_color_all=&#8220;#FFFFFF&#8220; border_width_all_info_image_icon=&#8220;0px&#8220; global_colors_info=&#8220;{}&#8220;][\/dipi_info_circle_item][dipi_info_circle_item admin_label=&#8220;6&#8243; info_image=&#8220;https:\/\/www.b5events.sk\/wp-content\/uploads\/2023\/05\/08.svg&#8220; content_title=&#8220;pron\u00e1jem invent\u00e1\u0159e&#8220; content_description=&#8220;<\/p>\n<hr color=%22#EEBA4C%22 width=%2260px%22>\n<p>&#8220; info_image_icon_background_color=&#8220;RGBA(255,255,255,0)&#8220; info_image_icon_hover_background_color=&#8220;RGBA(255,255,255,0)&#8220; info_image_icon_active_background_color=&#8220;RGBA(255,255,255,0)&#8220; content_icon_color=&#8220;RGBA(255,255,255,0)&#8220; _builder_version=&#8220;4.20.4&#8243; _module_preset=&#8220;default&#8220; content_title_font=&#8220;|700||on|||||&#8220; content_title_font_size=&#8220;30px&#8220; content_desc_font_size=&#8220;21px&#8220; use_background_color_gradient=&#8220;on&#8220; background_color_gradient_stops=&#8220;rgba(0,0,0,0.43) 0%|rgba(0,0,0,0.47) 99%&#8220; background_color_gradient_overlays_image=&#8220;on&#8220; background_image=&#8220;https:\/\/www.b5events.sk\/wp-content\/uploads\/2023\/05\/bar-servis.png&#8220; background_enable_image=&#8220;on&#8220; content_title_font_size_tablet=&#8220;30px&#8220; content_title_font_size_phone=&#8220;25px&#8220; content_title_font_size_last_edited=&#8220;on|phone&#8220; content_desc_font_size_tablet=&#8220;21px&#8220; content_desc_font_size_phone=&#8220;15px&#8220; content_desc_font_size_last_edited=&#8220;on|phone&#8220; border_color_all=&#8220;#FFFFFF&#8220; border_width_all_info_image_icon=&#8220;0px&#8220; global_colors_info=&#8220;{}&#8220;][\/dipi_info_circle_item][\/dipi_info_circle][\/et_pb_column][\/et_pb_row][et_pb_row _builder_version=&#8220;4.20.4&#8243; _module_preset=&#8220;default&#8220; global_colors_info=&#8220;{}&#8220;][et_pb_column type=&#8220;4_4&#8243; _builder_version=&#8220;4.20.4&#8243; _module_preset=&#8220;default&#8220; global_colors_info=&#8220;{}&#8220;][et_pb_divider _builder_version=&#8220;4.20.4&#8243; _module_preset=&#8220;default&#8220; global_colors_info=&#8220;{}&#8220;][\/et_pb_divider][\/et_pb_column][\/et_pb_row][\/et_pb_section]<\/p>\n","protected":false},"excerpt":{"rendered":"<p>barBarov\u00fd servisPro snaz\u0161\u00ed pr\u016fb\u011bh a efektivn\u011bj\u0161\u00ed slu\u017eby jsme za\u0159adili do vybaven\u00ed i barov\u00fd servis, kter\u00fd m\u016f\u017ee b\u00fdt sou\u010d\u00e1st\u00ed i va\u0161\u00ed akce. Barmani z cel\u00e9ho sv\u011bta nam\u00edchaj\u00ed drinky, o kter\u00fdch se v\u00e1m ani nesnilo. Bar je z\u00e1rove\u0148 vybaven\u00fd v\u0161emi druhy alkoholu. Od v\u00edna p\u0159es gin a\u017e po kvalitn\u00ed v\u00fdb\u011brov\u00e9 rumy. V\u00fdhodou samotn\u00e9ho baru je, \u017ee va\u0161i [&hellip;]<\/p>\n","protected":false},"author":2,"featured_media":0,"parent":0,"menu_order":0,"comment_status":"closed","ping_status":"closed","template":"","meta":{"_seopress_robots_primary_cat":"","_seopress_titles_title":"Barov\u00fd catering, barmansk\u00e1 show, mobiln\u00ed bar k pron\u00e1jmu","_seopress_titles_desc":"Profesion\u00e1ln\u00ed barov\u00fd catering nejen v Bratislav\u011b. Barmansk\u00fd servis, barmansk\u00e1 show a mobiln\u00ed bar k pron\u00e1jmu.","_seopress_robots_index":"","_et_pb_use_builder":"on","_et_pb_old_content":"","_et_gb_content_width":"","footnotes":""},"dipi_cpt_category":[],"class_list":["post-23813676","page","type-page","status-publish","hentry"],"_links":{"self":[{"href":"https:\/\/www.b5events.sk\/cs\/wp-json\/wp\/v2\/pages\/23813676","targetHints":{"allow":["GET"]}}],"collection":[{"href":"https:\/\/www.b5events.sk\/cs\/wp-json\/wp\/v2\/pages"}],"about":[{"href":"https:\/\/www.b5events.sk\/cs\/wp-json\/wp\/v2\/types\/page"}],"author":[{"embeddable":true,"href":"https:\/\/www.b5events.sk\/cs\/wp-json\/wp\/v2\/users\/2"}],"replies":[{"embeddable":true,"href":"https:\/\/www.b5events.sk\/cs\/wp-json\/wp\/v2\/comments?post=23813676"}],"version-history":[{"count":0,"href":"https:\/\/www.b5events.sk\/cs\/wp-json\/wp\/v2\/pages\/23813676\/revisions"}],"wp:attachment":[{"href":"https:\/\/www.b5events.sk\/cs\/wp-json\/wp\/v2\/media?parent=23813676"}],"wp:term":[{"taxonomy":"dipi_cpt_category","embeddable":true,"href":"https:\/\/www.b5events.sk\/cs\/wp-json\/wp\/v2\/dipi_cpt_category?post=23813676"}],"curies":[{"name":"wp","href":"https:\/\/api.w.org\/{rel}","templated":true}]}}